{"id":139,"date":"2019-12-11T21:50:29","date_gmt":"2019-12-11T21:50:29","guid":{"rendered":"https:\/\/ludothek-elsau.ch\/wordpress\/?page_id=139"},"modified":"2019-12-11T22:11:10","modified_gmt":"2019-12-11T22:11:10","slug":"ausleihe","status":"publish","type":"page","link":"https:\/\/ludothek-elsau.ch\/wordpress\/?page_id=139","title":{"rendered":"Ausleihe"},"content":{"rendered":"\n<h2 class=\"wp-block-heading\">Wie lange darf ich etwas ausleihen?<\/h2>\n\n\n\n<p>4 Wochen (einzelne Artikel nur zwei Wochen). Ein einmaliges \nVerl\u00e4ngern ist m\u00f6glich, muss aber vor Ablauf der Ausleihfrist gemeldet \nwerden. Wird ein Spiel nach der Ausleihfrist nicht zur\u00fcckgebracht, wird \ngemahnt: F\u00fcr diese Umtriebe verlangen wir CHF 5.\u2013.<\/p>\n\n\n\n<h2 class=\"wp-block-heading\">Wie viel kostet das pro Jahr?<\/h2>\n\n\n\n<p>Jahresbeitrag f\u00fcr Familien und Einzelpersonen  CHF 40.\u2013<\/p>\n\n\n\n<h2 class=\"wp-block-heading\">Wenn etwas kaputt geht?<\/h2>\n\n\n\n<p>Bitte kontrolliere das Ausgeliehene vor dem ersten Gebrauch auf seine  Vollst\u00e4ndigkeit. Melde uns bitte sofort, wenn etwas nicht in  Ordnung ist. F\u00fcr fehlende oder defekte Teile bei der R\u00fcckgabe verlangen wir eine  angemessene Entsch\u00e4digung.<\/p>\n\n\n\n<h2 class=\"wp-block-heading\">Bitte gerne sauber zur\u00fcck!<\/h2>\n\n\n\n<p>Die Spiele sind gereinigt und in der abgegebenen Tasche zur\u00fcck zu bringen.<\/p>\n\n\n\n<h2 class=\"wp-block-heading\">Wenn etwas passiert?<\/h2>\n\n\n\n<p>Bei Unf\u00e4llen im Zusammenhang mit ausgeliehenem Spielzeug \u00fcbernimmt die Ludothek keine Haftung.<\/p>\n\n\n\n<h2 class=\"wp-block-heading\">So arbeiten wir!<\/h2>\n\n\n\n<p>Die Ludothek ist ein Verein. Die Mitarbeiterinnen sind Mitglied dieses Vereins und arbeiten ehrenamtlich.<\/p>\n","protected":false},"excerpt":{"rendered":"<p>Wie lange darf ich etwas ausleihen? 4 Wochen (einzelne Artikel nur zwei Wochen). Ein einmaliges Verl\u00e4ngern ist m\u00f6glich, muss aber vor Ablauf der Ausleihfrist gemeldet werden. Wird ein Spiel nach der Ausleihfrist nicht zur\u00fcckgebracht, wird gemahnt: F\u00fcr diese Umtriebe verlangen wir CHF 5.\u2013. Wie viel kostet das pro Jahr? Jahresbeitrag f\u00fcr Familien und Einzelpersonen CHF &hellip; <\/p>\n<p class=\"link-more\"><a href=\"https:\/\/ludothek-elsau.ch\/wordpress\/?page_id=139\" class=\"more-link\"><span class=\"screen-reader-text\">\u201eAusleihe\u201c <\/span>weiterlesen<\/a><\/p>\n","protected":false},"author":1,"featured_media":0,"parent":0,"menu_order":0,"comment_status":"closed","ping_status":"closed","template":"","meta":{"footnotes":""},"class_list":["post-139","page","type-page","status-publish","hentry"],"_links":{"self":[{"href":"https:\/\/ludothek-elsau.ch\/wordpress\/index.php?rest_route=\/wp\/v2\/pages\/139","targetHints":{"allow":["GET"]}}],"collection":[{"href":"https:\/\/ludothek-elsau.ch\/wordpress\/index.php?rest_route=\/wp\/v2\/pages"}],"about":[{"href":"https:\/\/ludothek-elsau.ch\/wordpress\/index.php?rest_route=\/wp\/v2\/types\/page"}],"author":[{"embeddable":true,"href":"https:\/\/ludothek-elsau.ch\/wordpress\/index.php?rest_route=\/wp\/v2\/users\/1"}],"replies":[{"embeddable":true,"href":"https:\/\/ludothek-elsau.ch\/wordpress\/index.php?rest_route=%2Fwp%2Fv2%2Fcomments&post=139"}],"version-history":[{"count":4,"href":"https:\/\/ludothek-elsau.ch\/wordpress\/index.php?rest_route=\/wp\/v2\/pages\/139\/revisions"}],"predecessor-version":[{"id":157,"href":"https:\/\/ludothek-elsau.ch\/wordpress\/index.php?rest_route=\/wp\/v2\/pages\/139\/revisions\/157"}],"wp:attachment":[{"href":"https:\/\/ludothek-elsau.ch\/wordpress\/index.php?rest_route=%2Fwp%2Fv2%2Fmedia&parent=139"}],"curies":[{"name":"wp","href":"https:\/\/api.w.org\/{rel}","templated":true}]}}