{"id":137,"date":"2019-12-11T21:50:29","date_gmt":"2019-12-11T21:50:29","guid":{"rendered":"https:\/\/ludothek-elsau.ch\/wordpress\/?page_id=137"},"modified":"2021-11-09T08:35:39","modified_gmt":"2021-11-09T08:35:39","slug":"ueber-uns","status":"publish","type":"page","link":"https:\/\/ludothek-elsau.ch\/wordpress\/?page_id=137","title":{"rendered":"\u00dcber uns"},"content":{"rendered":"\n<p>Wir sind zurzeit neun Mamis aus der Gemeinde Elsau und spielen selber f\u00fcr unser Leben gern. Diese Freude geben wir gerne weiter! <\/p>\n\n\n\n<p>F\u00fcr unser Ludoteam suchen wir immer wieder nach neuen Mitgliedern. Hast du ein- bis zweimal im Monat jeweils am Dienstag- und\/oder  Donnerstagnachmittag Zeit, um die Ludo zu betreuen und Freude am Umgang  mit Kindern und Erwachsenen? Dann melde dich doch einfach ganz  unverbindlich bei uns!<\/p>\n\n\n\n<p>Haben wir dein Interesse geweckt? Gerne zeigen wir dir unsere Ludo etwas n\u00e4her und erkl\u00e4ren dir, was dich im Verein Ludothek Elsau genau erwartet. <\/p>\n\n\n\n<p>\u00dcbrigens: In unserem Verein kommt auch das gem\u00fctliche  Beisammensein  nicht zu kurz. Regelm\u00e4ssig treffen wir uns f\u00fcr Sitzungen  oder auch  Ludozmorge, zudem veranstalten wir einmal j\u00e4hrlich eine  Ludoreise.<\/p>\n","protected":false},"excerpt":{"rendered":"<p>Wir sind zurzeit neun Mamis aus der Gemeinde Elsau und spielen selber f\u00fcr unser Leben gern. Diese Freude geben wir gerne weiter! F\u00fcr unser Ludoteam suchen wir immer wieder nach neuen Mitgliedern. Hast du ein- bis zweimal im Monat jeweils am Dienstag- und\/oder Donnerstagnachmittag Zeit, um die Ludo zu betreuen und Freude am Umgang mit &hellip; <\/p>\n<p class=\"link-more\"><a href=\"https:\/\/ludothek-elsau.ch\/wordpress\/?page_id=137\" class=\"more-link\"><span class=\"screen-reader-text\">\u201e\u00dcber uns\u201c <\/span>weiterlesen<\/a><\/p>\n","protected":false},"author":1,"featured_media":0,"parent":0,"menu_order":0,"comment_status":"closed","ping_status":"closed","template":"","meta":{"footnotes":""},"class_list":["post-137","page","type-page","status-publish","hentry"],"_links":{"self":[{"href":"https:\/\/ludothek-elsau.ch\/wordpress\/index.php?rest_route=\/wp\/v2\/pages\/137","targetHints":{"allow":["GET"]}}],"collection":[{"href":"https:\/\/ludothek-elsau.ch\/wordpress\/index.php?rest_route=\/wp\/v2\/pages"}],"about":[{"href":"https:\/\/ludothek-elsau.ch\/wordpress\/index.php?rest_route=\/wp\/v2\/types\/page"}],"author":[{"embeddable":true,"href":"https:\/\/ludothek-elsau.ch\/wordpress\/index.php?rest_route=\/wp\/v2\/users\/1"}],"replies":[{"embeddable":true,"href":"https:\/\/ludothek-elsau.ch\/wordpress\/index.php?rest_route=%2Fwp%2Fv2%2Fcomments&post=137"}],"version-history":[{"count":7,"href":"https:\/\/ludothek-elsau.ch\/wordpress\/index.php?rest_route=\/wp\/v2\/pages\/137\/revisions"}],"predecessor-version":[{"id":286,"href":"https:\/\/ludothek-elsau.ch\/wordpress\/index.php?rest_route=\/wp\/v2\/pages\/137\/revisions\/286"}],"wp:attachment":[{"href":"https:\/\/ludothek-elsau.ch\/wordpress\/index.php?rest_route=%2Fwp%2Fv2%2Fmedia&parent=137"}],"curies":[{"name":"wp","href":"https:\/\/api.w.org\/{rel}","templated":true}]}}